{"id":131,"date":"2020-01-07T08:44:29","date_gmt":"2020-01-07T08:44:29","guid":{"rendered":"http:\/\/mentalenergygames.com\/?page_id=131"},"modified":"2021-01-30T09:54:23","modified_gmt":"2021-01-30T09:54:23","slug":"mesudoku","status":"publish","type":"page","link":"https:\/\/mentalenergygames.com\/de\/products\/mesudoku","title":{"rendered":"meSudoku"},"content":{"rendered":"\n<p>meSudoku ist nicht nur ein sch\u00f6nes und kostenloses Sudoku. Es ist ein Sudoku-Spiel mit einem neuem Challenge-Modus, der es zwei Spielern erm\u00f6glicht, Sudoku gegeneinander \u00fcber ein lokales WLAN  zu spielen.<br>Erh\u00e4ltlich im <a href=\"http:\/\/play.google.com\/store\/apps\/details?id=de.earconcept.mentalexercises.sudoku\" target=\"_blank\" rel=\"noreferrer noopener\" aria-label=\" (\u00f6ffnet in neuem Tab)\">Google Play Store<\/a><\/p>\n\n\n\n<h2>Highlights<\/h2>\n\n\n\n<figure class=\"wp-block-embed is-type-video is-provider-youtube wp-block-embed-youtube wp-embed-aspect-16-9 wp-has-aspect-ratio\"><div class=\"wp-block-embed__wrapper\">\n<iframe title=\"meSudoku jingle\" width=\"1140\" height=\"641\" src=\"https:\/\/www.youtube.com\/embed\/NpeaaAhvPVI?feature=oembed\" frameborder=\"0\" allow=\"accelerometer; autoplay; clipboard-write; encrypted-media; gyroscope; picture-in-picture\" allowfullscreen><\/iframe>\n<\/div><figcaption>meSudoku features<\/figcaption><\/figure>\n\n\n\n<div class=\"wp-block-group\"><div class=\"wp-block-group__inner-container\">\n<div class=\"wp-block-columns\">\n<div class=\"wp-block-column\">\n<div class=\"wp-block-group feature_box\"><div class=\"wp-block-group__inner-container\">\n<h3>Sudoku<\/h3>\n\n\n\n<ul><li>4 Ebenen mit zunehmender Komplexit\u00e4t<\/li><li>Unterst\u00fctzungsfunktion f\u00fcr Kandidaten<\/li><li>Punkt- und Laufzeitmessung<\/li><li>Unterbrechung \/ Fortsetzung von Spielen<\/li><li>Einfache Bedienung<\/li><li>Responsive User Interface<\/li><\/ul>\n<\/div><\/div>\n\n\n\n<div class=\"wp-block-group\"><div class=\"wp-block-group__inner-container\">\n<div class=\"wp-block-group feature_box\"><div class=\"wp-block-group__inner-container\">\n<h3>Einstellungen<\/h3>\n\n\n\n<ul><li>Sound<\/li><li>Fortsetzung des letzten ungel\u00f6sten Spiels<\/li><li>Automatischer WLAN-Scan f\u00fcr meSudoku-Spieler<\/li><li>Bevorzugter Challenge-Modus<\/li><\/ul>\n<\/div><\/div>\n<\/div><\/div>\n<\/div>\n\n\n\n<div class=\"wp-block-column\">\n<div class=\"wp-block-group feature_box\"><div class=\"wp-block-group__inner-container\">\n<h3>Challenge<\/h3>\n\n\n\n<ul><li>Alle Funktionen von Sudoku<\/li><li>Challenge zwischen zwei Spielern \u00fcber WLAN<\/li><li>Zwei Modi<ul><li>Bis zur vollst\u00e4ndigen L\u00f6sung<\/li><li>mit Zeitlimit<\/li><\/ul><\/li><\/ul>\n<\/div><\/div>\n\n\n\n<div class=\"wp-block-group\"><div class=\"wp-block-group__inner-container\">\n<a href=\"http:\/\/play.google.com\/store\/apps\/details?id=de.earconcept.mentalexercises.sudoku&amp;pcampaignid=pcampaignidMKT-Other-global-all-co-prtnr-py-PartBadge-Mar2515-1\"><img alt=\"Jetzt bei Google Play\" src=\"https:\/\/play.google.com\/intl\/en_us\/badges\/static\/images\/badges\/de_badge_web_generic.png\"><\/a>\n<\/div><\/div>\n\n\n\n<p><em>Google Play und das Google Play-Logo sind Marken von Google LLC.<\/em><\/p>\n<\/div>\n\n\n\n<div class=\"wp-block-column\">\n<div class=\"wp-block-group feature_box\"><div class=\"wp-block-group__inner-container\">\n<h3>Dashboard<\/h3>\n\n\n\n<ul><li>Grafische Darstellung deiner  Ergebnisse<\/li><li>Highscores<\/li><li>Gewonnen\/Verloren Bilanz deiner Challenges<\/li><\/ul>\n<\/div><\/div>\n<\/div>\n<\/div>\n<\/div><\/div>\n\n\n\n<p><\/p>\n","protected":false},"excerpt":{"rendered":"<p>meSudoku ist nicht nur ein sch\u00f6nes und kostenloses Sudoku. Es ist ein Sudoku-Spiel mit einem neuem Challenge-Modus, der es zwei Spielern erm\u00f6glicht, Sudoku gegeneinander \u00fcber ein lokales WLAN zu spielen.Erh\u00e4ltlich im Google Play Store Highlights<\/p>\n","protected":false},"author":1,"featured_media":0,"parent":11,"menu_order":0,"comment_status":"closed","ping_status":"closed","template":"","meta":[],"translation":{"provider":"WPGlobus","version":"2.6.2","language":"de","enabled_languages":["en","de","es"],"languages":{"en":{"title":true,"content":true,"excerpt":false},"de":{"title":true,"content":true,"excerpt":false},"es":{"title":true,"content":true,"excerpt":false}}},"_links":{"self":[{"href":"https:\/\/mentalenergygames.com\/de\/wp-json\/wp\/v2\/pages\/131"}],"collection":[{"href":"https:\/\/mentalenergygames.com\/de\/wp-json\/wp\/v2\/pages"}],"about":[{"href":"https:\/\/mentalenergygames.com\/de\/wp-json\/wp\/v2\/types\/page"}],"author":[{"embeddable":true,"href":"https:\/\/mentalenergygames.com\/de\/wp-json\/wp\/v2\/users\/1"}],"replies":[{"embeddable":true,"href":"https:\/\/mentalenergygames.com\/de\/wp-json\/wp\/v2\/comments?post=131"}],"version-history":[{"count":85,"href":"https:\/\/mentalenergygames.com\/de\/wp-json\/wp\/v2\/pages\/131\/revisions"}],"predecessor-version":[{"id":896,"href":"https:\/\/mentalenergygames.com\/de\/wp-json\/wp\/v2\/pages\/131\/revisions\/896"}],"up":[{"embeddable":true,"href":"https:\/\/mentalenergygames.com\/de\/wp-json\/wp\/v2\/pages\/11"}],"wp:attachment":[{"href":"https:\/\/mentalenergygames.com\/de\/wp-json\/wp\/v2\/media?parent=131"}],"curies":[{"name":"wp","href":"https:\/\/api.w.org\/{rel}","templated":true}]}}