{"id":41,"date":"2019-12-23T20:27:19","date_gmt":"2019-12-23T20:27:19","guid":{"rendered":"http:\/\/mentalenergygames.com\/?page_id=41"},"modified":"2020-01-24T16:40:10","modified_gmt":"2020-01-24T16:40:10","slug":"data-privacy-mesudoku-app","status":"publish","type":"page","link":"https:\/\/mentalenergygames.com\/de\/products\/mesudoku\/data-privacy-mesudoku-app","title":{"rendered":"Datenschutzerkl\u00e4rung meSudoku app"},"content":{"rendered":"\n<p>EAR Concept UG &amp; Co. KG hat die meSudoku App als Ad Supported App erstellt. Dieser SERVICE wird von EAR Concept UG &amp; Co. KG angeboten und kostenlos zur Verf\u00fcgung gestellt und ist zur Nutzung in der vorliegenden Form vorgesehen.<\/p>\n\n\n\n<p>Diese Seite dient dazu, Besucher \u00fcber unsere Richtlinien bez\u00fcglich der Sammlung, Nutzung und Weitergabe von pers\u00f6nlichen Informationen zu informieren, falls sich jemand f\u00fcr die Nutzung unseres Services entschieden hat.<\/p>\n\n\n\n<p>Wenn Sie sich f\u00fcr die Nutzung unseres Services entscheiden, stimmen Sie der Erfassung und Nutzung von Informationen im Zusammenhang mit dieser Richtlinie zu. Die von uns gesammelten pers\u00f6nlichen Daten werden zur Bereitstellung und Verbesserung des Service verwendet. Wir werden Ihre Informationen nicht verwenden oder an Dritte weitergeben, au\u00dfer wie in dieser Datenschutzrichtlinie beschrieben.<\/p>\n\n\n\n<p>Die in dieser Datenschutzrichtlinie verwendeten Begriffe haben die gleiche Bedeutung wie in unseren Allgemeinen Gesch\u00e4ftsbedingungen, die bei meSudoku zug\u00e4nglich sind, sofern in dieser Datenschutzrichtlinie nicht anders definiert.<\/p>\n\n\n\n<p><strong>Sammlung und Nutzung von Informationen<\/strong><\/p>\n\n\n\n<p>F\u00fcr ein besseres Erlebnis bei der Nutzung unseres Service k\u00f6nnen wir Sie bitten, uns bestimmte pers\u00f6nliche Informationen zur Verf\u00fcgung zu stellen. Die von uns angeforderten Informationen werden von uns gespeichert und wie in dieser Datenschutzerkl\u00e4rung beschrieben verwendet.<\/p>\n\n\n\n<p>Die App nutzt Dienste Dritter, die m\u00f6glicherweise Informationen zur Identifizierung Ihrer Person sammeln.<\/p>\n\n\n\n<p>Link zu den Datenschutzrichtlinien von Drittanbietern, die von der App genutzt werden<\/p>\n\n\n\n<p>Google Play-Dienste<br> <a href=\"https:\/\/www.google.com\/policies\/privacy\/\" target=\"_blank\" rel=\"noreferrer noopener\" aria-label=\"AdMob (opens in a new tab)\">AdMob<\/a><br> <a href=\"https:\/\/support.google.com\/admob\/answer\/6128543?hl=en\" target=\"_blank\" rel=\"noreferrer noopener\" aria-label=\"Log Daten (opens in a new tab)\">Log Daten<\/a><\/p>\n\n\n\n<p>Wir m\u00f6chten Sie dar\u00fcber informieren, dass wir bei jeder Nutzung unseres Services im Falle eines Fehlers in der App Daten und Informationen (durch Produkte von Drittanbietern) auf Ihrem Telefon mit dem Namen Log Data sammeln. Diese Protokolldaten k\u00f6nnen Informationen wie die Internetprotokoll-Adresse (&#8222;IP-Adresse&#8220;) Ihres Ger\u00e4ts, den Ger\u00e4tenamen, die Version des Betriebssystems, die Konfiguration der Anwendung bei der Nutzung unseres Dienstes, die Zeit und das Datum Ihrer Nutzung des Dienstes und andere Statistiken enthalten.<\/p>\n\n\n\n<p><strong>Cookies<\/strong><\/p>\n\n\n\n<p>Cookies sind Dateien mit einer kleinen Datenmenge, die h\u00e4ufig als anonyme, eindeutige Identifizierungsmerkmale verwendet werden. Diese werden von den von Ihnen besuchten Websites an Ihren Browser gesendet und im internen Speicher Ihres Ger\u00e4ts gespeichert.<\/p>\n\n\n\n<p>Dieser Service verwendet diese &#8222;Cookies&#8220; nicht ausdr\u00fccklich. Die Anwendung kann jedoch Code von Dritten und Bibliotheken verwenden, die &#8222;Cookies&#8220; verwenden, um Informationen zu sammeln und ihre Dienste zu verbessern. Sie haben die M\u00f6glichkeit, diese Cookies entweder zu akzeptieren oder abzulehnen und zu erfahren, wann ein Cookie an Ihr Ger\u00e4t gesendet wird. Wenn Sie sich daf\u00fcr entscheiden, unsere Cookies abzulehnen, kann es sein, dass Sie einige Teile dieses Dienstes nicht nutzen k\u00f6nnen.<\/p>\n\n\n\n<p><strong>Anbieter von Dienstleistungen<\/strong><\/p>\n\n\n\n<p>Wir k\u00f6nnen aus folgenden Gr\u00fcnden Drittfirmen und Einzelpersonen besch\u00e4ftigen:<\/p>\n\n\n\n<p>Um unseren Service zu erleichtern;<br>\nUm den Service in unserem Namen zu erbringen;<br>\nUm Service-bezogene Dienstleistungen zu erbringen; oder<br>\nUm uns bei der Analyse der Nutzung unseres Service zu unterst\u00fctzen.<br>\nWir m\u00f6chten die Nutzer dieses Dienstes dar\u00fcber informieren, dass diese Dritten Zugang zu Ihren pers\u00f6nlichen Daten haben. Der Grund daf\u00fcr ist die Durchf\u00fchrung der ihnen zugewiesenen Aufgaben in unserem Namen. Sie sind jedoch verpflichtet, die Informationen nicht weiterzugeben oder f\u00fcr andere Zwecke zu verwenden.<\/p>\n\n\n\n<p><strong>Sicherheit<\/strong><\/p>\n\n\n\n<p>Wir wissen Ihr Vertrauen zu sch\u00e4tzen, dass Sie uns Ihre pers\u00f6nlichen Daten zur Verf\u00fcgung stellen, und sind daher bestrebt, diese mit wirtschaftlich vertretbaren Mitteln zu sch\u00fctzen. Aber denken Sie daran, dass keine Methode der \u00dcbertragung \u00fcber das Internet oder der elektronischen Speicherung 100% sicher und zuverl\u00e4ssig ist, und wir k\u00f6nnen nicht f\u00fcr ihre absolute Sicherheit garantieren.<\/p>\n\n\n\n<p><strong>Links zu anderen Seiten<\/strong><\/p>\n\n\n\n<p>Dieser Service kann Links zu anderen Seiten enthalten. Wenn Sie auf einen Link eines Dritten klicken, werden Sie zu dieser Seite weitergeleitet. Beachten Sie, dass diese externen Seiten nicht von uns betrieben werden. Daher empfehlen wir Ihnen dringend, die Datenschutzrichtlinien dieser Websites zu \u00fcberpr\u00fcfen. Wir haben keine Kontrolle \u00fcber und \u00fcbernehmen keine Verantwortung f\u00fcr den Inhalt, die Datenschutzrichtlinien oder die Praktiken von Websites oder Diensten Dritter.<\/p>\n\n\n\n<p><strong>Datenschutz f\u00fcr Kinder<\/strong><\/p>\n\n\n\n<p>Diese Services richten sich nicht an Personen unter 13 Jahren. Wir sammeln wissentlich keine personenbezogenen Daten von Kindern unter 13 Jahren. Sollten wir feststellen, dass ein Kind unter 13 Jahren uns pers\u00f6nliche Daten zur Verf\u00fcgung gestellt hat, l\u00f6schen wir diese sofort von unseren Servern. Wenn Sie ein Elternteil oder ein Erziehungsberechtigter sind und Sie wissen, dass Ihr Kind uns pers\u00f6nliche Informationen zur Verf\u00fcgung gestellt hat, kontaktieren Sie uns bitte, damit wir die notwendigen Ma\u00dfnahmen ergreifen k\u00f6nnen.<\/p>\n\n\n\n<p><strong>\u00c4nderungen an dieser Datenschutzerkl\u00e4rung<\/strong><\/p>\n\n\n\n<p>Wir k\u00f6nnen unsere Datenschutzerkl\u00e4rung von Zeit zu Zeit aktualisieren. Wir empfehlen Ihnen daher, diese Seite regelm\u00e4\u00dfig auf eventuelle \u00c4nderungen zu \u00fcberpr\u00fcfen. Wir werden Sie \u00fcber alle \u00c4nderungen informieren, indem wir die neue Datenschutzrichtlinie auf dieser Seite ver\u00f6ffentlichen. Diese \u00c4nderungen treten unmittelbar nach ihrer Ver\u00f6ffentlichung auf dieser Seite in Kraft.<\/p>\n\n\n\n<p><strong>Kontakt<\/strong><\/p>\n\n\n\n<p>Wenn Sie Fragen oder Anregungen zu unserer Datenschutzerkl\u00e4rung haben, z\u00f6gern Sie nicht, uns unter mesudoku@mentalenergygames.com zu kontaktieren.<\/p>\n","protected":false},"excerpt":{"rendered":"<p>EAR Concept UG &amp; Co. KG hat die meSudoku App als Ad Supported App erstellt. Dieser SERVICE wird von EAR Concept UG &amp; Co. KG angeboten und kostenlos zur Verf\u00fcgung gestellt und ist zur Nutzung in der vorliegenden Form vorgesehen. Diese Seite dient dazu, Besucher \u00fcber unsere Richtlinien bez\u00fcglich der Sammlung, Nutzung und Weitergabe von [&hellip;]<\/p>\n","protected":false},"author":1,"featured_media":0,"parent":131,"menu_order":0,"comment_status":"closed","ping_status":"closed","template":"","meta":[],"translation":{"provider":"WPGlobus","version":"2.6.2","language":"de","enabled_languages":["en","de","es"],"languages":{"en":{"title":true,"content":true,"excerpt":false},"de":{"title":true,"content":true,"excerpt":false},"es":{"title":true,"content":true,"excerpt":false}}},"_links":{"self":[{"href":"https:\/\/mentalenergygames.com\/de\/wp-json\/wp\/v2\/pages\/41"}],"collection":[{"href":"https:\/\/mentalenergygames.com\/de\/wp-json\/wp\/v2\/pages"}],"about":[{"href":"https:\/\/mentalenergygames.com\/de\/wp-json\/wp\/v2\/types\/page"}],"author":[{"embeddable":true,"href":"https:\/\/mentalenergygames.com\/de\/wp-json\/wp\/v2\/users\/1"}],"replies":[{"embeddable":true,"href":"https:\/\/mentalenergygames.com\/de\/wp-json\/wp\/v2\/comments?post=41"}],"version-history":[{"count":6,"href":"https:\/\/mentalenergygames.com\/de\/wp-json\/wp\/v2\/pages\/41\/revisions"}],"predecessor-version":[{"id":124,"href":"https:\/\/mentalenergygames.com\/de\/wp-json\/wp\/v2\/pages\/41\/revisions\/124"}],"up":[{"embeddable":true,"href":"https:\/\/mentalenergygames.com\/de\/wp-json\/wp\/v2\/pages\/131"}],"wp:attachment":[{"href":"https:\/\/mentalenergygames.com\/de\/wp-json\/wp\/v2\/media?parent=41"}],"curies":[{"name":"wp","href":"https:\/\/api.w.org\/{rel}","templated":true}]}}