{"id":5,"date":"2019-12-21T13:30:36","date_gmt":"2019-12-21T13:30:36","guid":{"rendered":"http:\/\/mentalenergygames.com\/willkommen-auf-http-mentalenergygames-com"},"modified":"2020-10-03T09:22:32","modified_gmt":"2020-10-03T09:22:32","slug":"willkommen-auf-http-mentalenergygames-com-2","status":"publish","type":"page","link":"https:\/\/mentalenergygames.com\/de\/","title":{"rendered":"Willkommen bei Mental Energy Games"},"content":{"rendered":"\n<p>Unser Ziel ist die Entwicklung mobiler Anwendungen, die \u00dcbungen zur Steigerung der mentalen St\u00e4rke bereitstellen.<\/p>\n\n\n\n<p>Unser erstes Produkt ist die meSudoku App. Das Sudoku-Spiel trainiert die F\u00e4higkeit, Probleme durch Logik zu l\u00f6sen. Drei Ebenen mit zunehmender Komplexit\u00e4t, ein Dashboard, das Ihren Erfolg dokumentiert, und ein neuer lustiger Challengemodus stehen bereit f\u00fcr viele fesselnde Minuten.<\/p>\n\n\n\n<p>Viel Spa\u00df!<\/p>\n","protected":false},"excerpt":{"rendered":"<p>Unser Ziel ist die Entwicklung mobiler Anwendungen, die \u00dcbungen zur Steigerung der mentalen St\u00e4rke bereitstellen. Unser erstes Produkt ist die meSudoku App. Das Sudoku-Spiel trainiert die F\u00e4higkeit, Probleme durch Logik zu l\u00f6sen. Drei Ebenen mit zunehmender Komplexit\u00e4t, ein Dashboard, das Ihren Erfolg dokumentiert, und ein neuer lustiger Challengemodus stehen bereit f\u00fcr viele fesselnde Minuten. Viel [&hellip;]<\/p>\n","protected":false},"author":1,"featured_media":0,"parent":0,"menu_order":0,"comment_status":"closed","ping_status":"open","template":"","meta":[],"translation":{"provider":"WPGlobus","version":"2.6.2","language":"de","enabled_languages":["en","de","es"],"languages":{"en":{"title":true,"content":true,"excerpt":false},"de":{"title":true,"content":true,"excerpt":false},"es":{"title":true,"content":true,"excerpt":false}}},"_links":{"self":[{"href":"https:\/\/mentalenergygames.com\/de\/wp-json\/wp\/v2\/pages\/5"}],"collection":[{"href":"https:\/\/mentalenergygames.com\/de\/wp-json\/wp\/v2\/pages"}],"about":[{"href":"https:\/\/mentalenergygames.com\/de\/wp-json\/wp\/v2\/types\/page"}],"author":[{"embeddable":true,"href":"https:\/\/mentalenergygames.com\/de\/wp-json\/wp\/v2\/users\/1"}],"replies":[{"embeddable":true,"href":"https:\/\/mentalenergygames.com\/de\/wp-json\/wp\/v2\/comments?post=5"}],"version-history":[{"count":7,"href":"https:\/\/mentalenergygames.com\/de\/wp-json\/wp\/v2\/pages\/5\/revisions"}],"predecessor-version":[{"id":468,"href":"https:\/\/mentalenergygames.com\/de\/wp-json\/wp\/v2\/pages\/5\/revisions\/468"}],"wp:attachment":[{"href":"https:\/\/mentalenergygames.com\/de\/wp-json\/wp\/v2\/media?parent=5"}],"curies":[{"name":"wp","href":"https:\/\/api.w.org\/{rel}","templated":true}]}}