{"id":544,"date":"2020-06-03T15:15:32","date_gmt":"2020-06-03T15:15:32","guid":{"rendered":"http:\/\/mentalenergygames.com\/?page_id=544"},"modified":"2020-06-15T15:17:20","modified_gmt":"2020-06-15T15:17:20","slug":"standard-mode","status":"publish","type":"page","link":"https:\/\/mentalenergygames.com\/de\/products\/mesudoku\/mesudoku-help\/standard-mode","title":{"rendered":"Standard Modus"},"content":{"rendered":"\n<div class=\"wp-block-columns feature_box\">\n<div class=\"wp-block-column\" style=\"flex-basis:33.33%\">\n<figure class=\"wp-block-image size-large\"><img loading=\"lazy\" width=\"320\" height=\"288\" src=\"http:\/\/mentalenergygames.com\/wp-content\/uploads\/2020\/06\/start_de.png\" alt=\"\" class=\"wp-image-560\" srcset=\"https:\/\/mentalenergygames.com\/wp-content\/uploads\/2020\/06\/start_de.png 320w, https:\/\/mentalenergygames.com\/wp-content\/uploads\/2020\/06\/start_de-300x270.png 300w\" sizes=\"(max-width: 320px) 100vw, 320px\" \/><\/figure>\n<\/div>\n\n\n\n<div class=\"wp-block-column\" style=\"flex-basis:66.66%\">\n<h2>Start eines Spiels<\/h2>\n\n\n\n<p>W\u00e4hle die Schwierigkeitstufe, die Du spielen m\u00f6chtest, und das Sudoku startet.<br>Mit der Schaltfl\u00e4che &#8222;Challenge&#8220; wechselst Du in den Challenge-Modus und kannst nach anderen meSudoku Spielern suchen.<\/p>\n<\/div>\n<\/div>\n\n\n\n<p><\/p>\n","protected":false},"excerpt":{"rendered":"<p>Start eines Spiels W\u00e4hle die Schwierigkeitstufe, die Du spielen m\u00f6chtest, und das Sudoku startet.Mit der Schaltfl\u00e4che &#8222;Challenge&#8220; wechselst Du in den Challenge-Modus und kannst nach anderen meSudoku Spielern suchen.<\/p>\n","protected":false},"author":1,"featured_media":0,"parent":466,"menu_order":0,"comment_status":"closed","ping_status":"closed","template":"","meta":[],"translation":{"provider":"WPGlobus","version":"2.6.2","language":"de","enabled_languages":["en","de","es"],"languages":{"en":{"title":true,"content":true,"excerpt":false},"de":{"title":true,"content":true,"excerpt":false},"es":{"title":true,"content":true,"excerpt":false}}},"_links":{"self":[{"href":"https:\/\/mentalenergygames.com\/de\/wp-json\/wp\/v2\/pages\/544"}],"collection":[{"href":"https:\/\/mentalenergygames.com\/de\/wp-json\/wp\/v2\/pages"}],"about":[{"href":"https:\/\/mentalenergygames.com\/de\/wp-json\/wp\/v2\/types\/page"}],"author":[{"embeddable":true,"href":"https:\/\/mentalenergygames.com\/de\/wp-json\/wp\/v2\/users\/1"}],"replies":[{"embeddable":true,"href":"https:\/\/mentalenergygames.com\/de\/wp-json\/wp\/v2\/comments?post=544"}],"version-history":[{"count":28,"href":"https:\/\/mentalenergygames.com\/de\/wp-json\/wp\/v2\/pages\/544\/revisions"}],"predecessor-version":[{"id":796,"href":"https:\/\/mentalenergygames.com\/de\/wp-json\/wp\/v2\/pages\/544\/revisions\/796"}],"up":[{"embeddable":true,"href":"https:\/\/mentalenergygames.com\/de\/wp-json\/wp\/v2\/pages\/466"}],"wp:attachment":[{"href":"https:\/\/mentalenergygames.com\/de\/wp-json\/wp\/v2\/media?parent=544"}],"curies":[{"name":"wp","href":"https:\/\/api.w.org\/{rel}","templated":true}]}}