{"id":72,"date":"2019-12-27T11:00:32","date_gmt":"2019-12-27T11:00:32","guid":{"rendered":"http:\/\/mentalenergygames.com\/?page_id=72"},"modified":"2019-12-27T11:00:32","modified_gmt":"2019-12-27T11:00:32","slug":"legal-notice","status":"publish","type":"page","link":"https:\/\/mentalenergygames.com\/de\/legal-notice","title":{"rendered":"Impressum"},"content":{"rendered":"\n<p>EAR Concept UG &#038; Co. KG<\/p>\n\n\n\n<p>Teutoburger Str. 42<br>50678 K\u00f6ln<\/p>\n\n\n\n<p>Telefon:+49 221 30140660<br>E-Mail: info@ear-concept.de<\/p>\n\n\n\n<p>Registergericht: Amtsgericht K\u00f6ln<br>Registernummer: HRA 31101<br>Umsatzsteuer-Identifikationsnummer: DE298834524<\/p>\n\n\n\n<h4>Vertreten durch Komplement\u00e4r:<\/h4>\n\n\n\n<p>EAR Concept UG<\/p>\n\n\n\n<h4>Gesch\u00e4ftsf\u00fchrer<\/h4>\n\n\n\n<p>Ernesto Aparicio-Rodriguez<\/p>\n","protected":false},"excerpt":{"rendered":"<p>EAR Concept UG &#038; Co. KG Teutoburger Str. 4250678 K\u00f6ln Telefon:+49 221 30140660E-Mail: info@ear-concept.de Registergericht: Amtsgericht K\u00f6lnRegisternummer: HRA 31101Umsatzsteuer-Identifikationsnummer: DE298834524 Vertreten durch Komplement\u00e4r: EAR Concept UG Gesch\u00e4ftsf\u00fchrer Ernesto Aparicio-Rodriguez<\/p>\n","protected":false},"author":1,"featured_media":0,"parent":0,"menu_order":0,"comment_status":"closed","ping_status":"closed","template":"","meta":[],"translation":{"provider":"WPGlobus","version":"2.6.2","language":"de","enabled_languages":["en","de","es"],"languages":{"en":{"title":true,"content":true,"excerpt":false},"de":{"title":true,"content":true,"excerpt":false},"es":{"title":true,"content":true,"excerpt":false}}},"_links":{"self":[{"href":"https:\/\/mentalenergygames.com\/de\/wp-json\/wp\/v2\/pages\/72"}],"collection":[{"href":"https:\/\/mentalenergygames.com\/de\/wp-json\/wp\/v2\/pages"}],"about":[{"href":"https:\/\/mentalenergygames.com\/de\/wp-json\/wp\/v2\/types\/page"}],"author":[{"embeddable":true,"href":"https:\/\/mentalenergygames.com\/de\/wp-json\/wp\/v2\/users\/1"}],"replies":[{"embeddable":true,"href":"https:\/\/mentalenergygames.com\/de\/wp-json\/wp\/v2\/comments?post=72"}],"version-history":[{"count":18,"href":"https:\/\/mentalenergygames.com\/de\/wp-json\/wp\/v2\/pages\/72\/revisions"}],"predecessor-version":[{"id":103,"href":"https:\/\/mentalenergygames.com\/de\/wp-json\/wp\/v2\/pages\/72\/revisions\/103"}],"wp:attachment":[{"href":"https:\/\/mentalenergygames.com\/de\/wp-json\/wp\/v2\/media?parent=72"}],"curies":[{"name":"wp","href":"https:\/\/api.w.org\/{rel}","templated":true}]}}