{"id":131,"date":"2020-01-07T08:44:29","date_gmt":"2020-01-07T08:44:29","guid":{"rendered":"http:\/\/mentalenergygames.com\/?page_id=131"},"modified":"2021-01-30T09:54:23","modified_gmt":"2021-01-30T09:54:23","slug":"mesudoku","status":"publish","type":"page","link":"https:\/\/mentalenergygames.com\/es\/products\/mesudoku","title":{"rendered":"meSudoku"},"content":{"rendered":"\n<p>meSudoku no es s\u00f3lo un hermoso y gratuito Sudoku. Es un juego de sudoku m\u00e1s un nuevo modo de desaf\u00edo que permite a dos jugadores jugar al sudoku uno contra el otro a trav\u00e9s de una WLAN local.<br>Disponible en <a href=\"http:\/\/play.google.com\/store\/apps\/details?id=de.earconcept.mentalexercises.sudoku\" target=\"_blank\" rel=\"noreferrer noopener\" aria-label=\" (\u00f6ffnet in neuem Tab)\">Google Play Store<\/a><\/p>\n\n\n\n<h2>Highlights<\/h2>\n\n\n\n<figure class=\"wp-block-embed is-type-video is-provider-youtube wp-block-embed-youtube wp-embed-aspect-16-9 wp-has-aspect-ratio\"><div class=\"wp-block-embed__wrapper\">\n<iframe title=\"meSudoku jingle\" width=\"1140\" height=\"641\" src=\"https:\/\/www.youtube.com\/embed\/NpeaaAhvPVI?feature=oembed\" frameborder=\"0\" allow=\"accelerometer; autoplay; clipboard-write; encrypted-media; gyroscope; picture-in-picture\" allowfullscreen><\/iframe>\n<\/div><figcaption>meSudoku Caracter\u00edsticas<\/figcaption><\/figure>\n\n\n\n<div class=\"wp-block-group\"><div class=\"wp-block-group__inner-container\">\n<div class=\"wp-block-columns\">\n<div class=\"wp-block-column\">\n<div class=\"wp-block-group feature_box\"><div class=\"wp-block-group__inner-container\">\n<h3>Sudoku<\/h3>\n\n\n\n<ul><li>4 niveles de complejidad creciente<\/li><li>Funci\u00f3n de apoyo al candidato<\/li><li>Medici\u00f3n de puntos y duraci\u00f3n<\/li><li>Funci\u00f3n de pausa\/continuar juegos<\/li><li>Facilidad de uso<\/li><li>Interfaz de usuario resonante<\/li><\/ul>\n<\/div><\/div>\n\n\n\n<div class=\"wp-block-group\"><div class=\"wp-block-group__inner-container\">\n<div class=\"wp-block-group feature_box\"><div class=\"wp-block-group__inner-container\">\n<h3>Ajustes<\/h3>\n\n\n\n<ul><li>Sonido<\/li><li>Continuaci\u00f3n del \u00faltimo juego sin resolver<\/li><li>Escaneo WLAN autom\u00e1tico para los jugadores de meSudoku<\/li><li>Modo de Challenge preferido<\/li><\/ul>\n<\/div><\/div>\n<\/div><\/div>\n<\/div>\n\n\n\n<div class=\"wp-block-column\">\n<div class=\"wp-block-group feature_box\"><div class=\"wp-block-group__inner-container\">\n<h3>Challenge<\/h3>\n\n\n\n<ul><li>Todas las caracter\u00edsticas del Sudoku<\/li><li>Desaf\u00edo entre dos jugadores a trav\u00e9s de la WLAN<\/li><li>Dos modos<ul><li>Hasta la finalizaci\u00f3n<\/li><li>Timebox<\/li><\/ul><\/li><\/ul>\n<\/div><\/div>\n\n\n\n<div class=\"wp-block-group\"><div class=\"wp-block-group__inner-container\">\n<a href=\"http:\/\/play.google.com\/store\/apps\/details?id=de.earconcept.mentalexercises.sudoku&amp;pcampaignid=pcampaignidMKT-Other-global-all-co-prtnr-py-PartBadge-Mar2515-1\"><img alt=\"Disponible en Google Play\" src=\"https:\/\/play.google.com\/intl\/en_us\/badges\/static\/images\/badges\/es_badge_web_generic.png\"><\/a>\n<\/div><\/div>\n\n\n\n<p><em>Google Play y el logotipo de Google Play son marcas comerciales de Google LLC.<\/em><\/p>\n<\/div>\n\n\n\n<div class=\"wp-block-column\">\n<div class=\"wp-block-group feature_box\"><div class=\"wp-block-group__inner-container\">\n<h3>Dashboard<\/h3>\n\n\n\n<ul><li>Representaci\u00f3n gr\u00e1fica de sus esfuerzos<\/li><li>Puntuaciones m\u00e1ximas<\/li><li>Revisi\u00f3n ganada\/perdida<\/li><\/ul>\n<\/div><\/div>\n\n\n\n<p><\/p>\n<\/div>\n<\/div>\n<\/div><\/div>\n\n\n\n<p><\/p>\n","protected":false},"excerpt":{"rendered":"<p>meSudoku no es s\u00f3lo un hermoso y gratuito Sudoku. Es un juego de sudoku m\u00e1s un nuevo modo de desaf\u00edo que permite a dos jugadores jugar al sudoku uno contra el otro a trav\u00e9s de una WLAN local.Disponible en Google Play Store Highlights<\/p>\n","protected":false},"author":1,"featured_media":0,"parent":11,"menu_order":0,"comment_status":"closed","ping_status":"closed","template":"","meta":[],"translation":{"provider":"WPGlobus","version":"2.6.2","language":"es","enabled_languages":["en","de","es"],"languages":{"en":{"title":true,"content":true,"excerpt":false},"de":{"title":true,"content":true,"excerpt":false},"es":{"title":true,"content":true,"excerpt":false}}},"_links":{"self":[{"href":"https:\/\/mentalenergygames.com\/es\/wp-json\/wp\/v2\/pages\/131"}],"collection":[{"href":"https:\/\/mentalenergygames.com\/es\/wp-json\/wp\/v2\/pages"}],"about":[{"href":"https:\/\/mentalenergygames.com\/es\/wp-json\/wp\/v2\/types\/page"}],"author":[{"embeddable":true,"href":"https:\/\/mentalenergygames.com\/es\/wp-json\/wp\/v2\/users\/1"}],"replies":[{"embeddable":true,"href":"https:\/\/mentalenergygames.com\/es\/wp-json\/wp\/v2\/comments?post=131"}],"version-history":[{"count":85,"href":"https:\/\/mentalenergygames.com\/es\/wp-json\/wp\/v2\/pages\/131\/revisions"}],"predecessor-version":[{"id":896,"href":"https:\/\/mentalenergygames.com\/es\/wp-json\/wp\/v2\/pages\/131\/revisions\/896"}],"up":[{"embeddable":true,"href":"https:\/\/mentalenergygames.com\/es\/wp-json\/wp\/v2\/pages\/11"}],"wp:attachment":[{"href":"https:\/\/mentalenergygames.com\/es\/wp-json\/wp\/v2\/media?parent=131"}],"curies":[{"name":"wp","href":"https:\/\/api.w.org\/{rel}","templated":true}]}}