{"id":3,"date":"2019-12-21T13:25:46","date_gmt":"2019-12-21T13:25:46","guid":{"rendered":"http:\/\/mentalenergygames.com\/?page_id=3"},"modified":"2019-12-28T10:56:32","modified_gmt":"2019-12-28T10:56:32","slug":"privacy-policy","status":"publish","type":"page","link":"https:\/\/mentalenergygames.com\/es\/privacy-policy","title":{"rendered":"Pol\u00edtica de privacidad"},"content":{"rendered":"\n<p>Los datos personales (en adelante, en su mayor\u00eda denominados &#8220;datos&#8221;) los procesamos solo en la medida necesaria y con el fin de proporcionar un sitio web funcional y f\u00e1cil de usar, incluido su contenido y los servicios ofrecidos all\u00ed.<\/p>\n\n\n\n<p>De acuerdo con el Art. 4 N\u00famero 1 del Reglamento (UE) 2016\/679, es decir, el Reglamento General de Protecci\u00f3n de Datos (en adelante denominado solo &#8220;RGPD&#8221;), &#8220;procesamiento&#8221; significa cualquier proceso o serie de procesos llevados a cabo con o sin la ayuda de procesos automatizados con datos personales, como la recopilaci\u00f3n, recopilaci\u00f3n, organizaci\u00f3n, organizaci\u00f3n, almacenamiento, adaptaci\u00f3n o modificaci\u00f3n, lectura, consulta, uso, divulgaci\u00f3n por transmisi\u00f3n, distribuci\u00f3n u otra forma de provisi\u00f3n, comparaci\u00f3n o el enlace, la restricci\u00f3n, la eliminaci\u00f3n o la destrucci\u00f3n.<\/p>\n\n\n\n<p>Con la siguiente declaraci\u00f3n de protecci\u00f3n de datos, le informamos en particular sobre el tipo, alcance, prop\u00f3sito, duraci\u00f3n y base legal del procesamiento de datos personales, en la medida en que nosotros solos o junto con otros decidamos los prop\u00f3sitos y medios del procesamiento.\u00a0Adem\u00e1s, le informaremos a continuaci\u00f3n sobre los componentes de terceros que utilizamos para fines de optimizaci\u00f3n y para aumentar la calidad de uso, en la medida en que terceros procesen datos bajo su propia responsabilidad.<\/p>\n\n\n\n<p>Nuestra declaraci\u00f3n de protecci\u00f3n de datos est\u00e1 estructurada de la siguiente manera:<br>I. Informaci\u00f3n sobre nosotros como personas responsables\u00a0<br>II. Derechos de los usuarios y los\u00a0interesados\u00a0<br>III.\u00a0Informaci\u00f3n sobre el procesamiento de datos.<\/p>\n\n\n\n<h2>I. Informaci\u00f3n sobre nosotros como responsables<\/h2>\n\n\n\n<p>El proveedor responsable de este sitio web en el sentido de protecci\u00f3n de datos es:<br>EAR Concept UG &amp; Co. KG<br>Teutoburger Str. 42<br>50678 K\u00f6ln<br>Alemania<br><br>Tel\u00e9fono: +49 221 301 406 60 <br>Correo electr\u00f3nico: info@ear-concept.de<br><br>El oficial de protecci\u00f3n de datos del proveedor es:<br>Ernesto Aparicio Rodriguez<\/p>\n\n\n\n<h2>II. Derechos de los usuarios y de los interesados.<\/h2>\n\n\n\n<p>Con respecto al procesamiento de datos que se describe con m\u00e1s detalle a continuaci\u00f3n, los usuarios y los interesados tienen el derecho<\/p>\n\n\n\n<ul><li>en la confirmaci\u00f3n de si los datos relacionados con ellos se est\u00e1n procesando, en la informaci\u00f3n sobre los datos procesados, en la informaci\u00f3n adicional sobre el procesamiento de datos y en las copias de los datos (v\u00e9ase tambi\u00e9n el art\u00edculo 15 del RGPD);\u00a0\u00a0\u00a0\u00a0<\/li><li>para corregir o completar datos incorrectos o incompletos (ver tambi\u00e9n Art. 16 RGPD);\u00a0\u00a0\u00a0\u00a0<\/li><li>eliminaci\u00f3n inmediata de los datos que les conciernen (v\u00e9ase tambi\u00e9n el art\u00edculo 17 del RGPD) o, alternativamente, si se requiere un procesamiento adicional de acuerdo con el art\u00edculo 17, p\u00e1rrafo 3 del RGPD, restricci\u00f3n del procesamiento de acuerdo con el art\u00edculo 18 del RGPD;\u00a0\u00a0\u00a0\u00a0<\/li><li>al recibir los datos que les conciernen y que ellos proporcionan, y al transmitir estos datos a otros proveedores \/ personas responsables (v\u00e9ase tambi\u00e9n el Art. 20 del RGPD);\u00a0\u00a0\u00a0\u00a0<\/li><li>Ante una queja ante la autoridad supervisora, siempre que crean que los datos que los conciernen ser\u00e1n procesados por el proveedor en violaci\u00f3n de las regulaciones de protecci\u00f3n de datos (ver tambi\u00e9n Art. 77 RGPD).\u00a0\u00a0\u00a0\u00a0<\/li><\/ul>\n\n\n\n<p>Adem\u00e1s, el proveedor est\u00e1 obligado a informar a todos los destinatarios a quienes el proveedor les ha revelado datos sobre cualquier correcci\u00f3n o eliminaci\u00f3n de datos o la restricci\u00f3n de procesamiento que se lleva a cabo de conformidad con los art\u00edculos 16, 17, p\u00e1rrafo 1, 18 del RGPD. ense\u00f1ar.\u00a0Sin embargo, esta obligaci\u00f3n no existe si esta comunicaci\u00f3n es imposible o implica un esfuerzo desproporcionado.\u00a0No obstante, el usuario tiene derecho a la informaci\u00f3n sobre estos destinatarios.<\/p>\n\n\n\n<p>Seg\u00fan el art\u00edculo 21 del RGPD, los usuarios y los interesados tambi\u00e9n tienen derecho a oponerse al procesamiento futuro de sus datos, siempre que los datos sean proporcionados por el proveedor de conformidad con el art\u00edculo 6, p\u00e1rrafo 1 lit.\u00a0f) Se procesan RGPD.\u00a0En particular, se permite una objeci\u00f3n al procesamiento de datos con fines de publicidad directa.<\/p>\n\n\n\n<h2>III.\u00a0Informaci\u00f3n sobre el procesamiento de datos.<\/h2>\n\n\n\n<p>Sus datos procesados cuando utiliza nuestro sitio web se eliminar\u00e1n o bloquear\u00e1n tan pronto como el prop\u00f3sito del almacenamiento ya no se aplique, la eliminaci\u00f3n de los datos no entre en conflicto con los requisitos legales de retenci\u00f3n y no se proporciona m\u00e1s informaci\u00f3n sobre los m\u00e9todos de procesamiento individuales a continuaci\u00f3n.<\/p>\n\n\n\n<h3>Los datos del servidor<\/h3>\n\n\n\n<p>Por razones t\u00e9cnicas, en particular para garantizar un sitio web seguro y estable, los datos se nos transmiten a nosotros oa nuestro proveedor de espacio web a trav\u00e9s de su navegador de Internet.\u00a0Estos llamados archivos de registro del servidor incluyen el tipo y la versi\u00f3n de su navegador de Internet, el sistema operativo, el sitio web desde el que cambi\u00f3 a nuestro sitio web (URL de referencia), el sitio o sitios web de nuestro sitio web que visita, la fecha y la hora del acceso respectivo y la direcci\u00f3n IP de la conexi\u00f3n a Internet desde la cual se hace el uso de nuestro sitio web.<br>Estos datos se almacenan temporalmente, pero no junto con otros datos suyos.<br>Este almacenamiento se realiza sobre la base legal del art\u00edculo 6, p\u00e1rrafo 1 lit.\u00a0f) RGPD.\u00a0Nuestro inter\u00e9s leg\u00edtimo radica en la mejora, estabilidad, funcionalidad y seguridad de nuestro sitio web.<br>Los datos se eliminar\u00e1n despu\u00e9s de siete d\u00edas como m\u00e1ximo, siempre que no se requiera m\u00e1s almacenamiento para fines de evidencia.\u00a0De lo contrario, todos o parte de los datos se excluir\u00e1n de la eliminaci\u00f3n hasta que finalmente se aclare un incidente.<\/p>\n\n\n\n<h3>Cookies<\/h3>\n\n\n\n<h4> a) Cookies de sesi\u00f3n<\/h4>\n\n\n\n<p>Usamos cookies en nuestro sitio web.\u00a0Las cookies son peque\u00f1os archivos de texto u otras tecnolog\u00edas de almacenamiento que el navegador de Internet que utiliza almacena en su dispositivo.\u00a0Estas cookies procesan cierta informaci\u00f3n suya de forma individual, como su navegador o datos de ubicaci\u00f3n o su direcci\u00f3n IP.\u00a0<br>Este procesamiento hace que nuestro sitio web sea m\u00e1s f\u00e1cil de usar, efectivo y seguro, ya que permite, por ejemplo, la reproducci\u00f3n de nuestro sitio web en diferentes idiomas o la oferta de una funci\u00f3n de carrito de compras.<br>La base legal para este procesamiento es el Art\u00edculo 6, p\u00e1rrafo 1, letra b.) Del RGPD, siempre que estas cookies procesen datos para el inicio o el procesamiento del contrato.<br>Si el procesamiento no sirve para iniciar o procesar el contrato, nuestro inter\u00e9s leg\u00edtimo radica en mejorar la funcionalidad de nuestro sitio web.\u00a0La base legal es entonces el Art. 6 P\u00e1rrafo 1 lit.\u00a0f) RGPD.<br>Estas cookies de sesi\u00f3n se eliminan cuando cierra su navegador de Internet.<\/p>\n\n\n\n<h4>b) Cookies de terceros<\/h4>\n\n\n\n<p>Si es necesario, nuestro sitio web tambi\u00e9n utiliza cookies de empresas asociadas con las que trabajamos con fines publicitarios, de an\u00e1lisis o de la funcionalidad de nuestro sitio web.<br>Consulte la siguiente informaci\u00f3n para obtener m\u00e1s detalles, en particular sobre los prop\u00f3sitos y la base legal para el procesamiento de dichas cookies de terceros.<\/p>\n\n\n\n<h4>c) Posibilidad de eliminaci\u00f3n<\/h4>\n\n\n\n<p>Puede evitar o restringir la instalaci\u00f3n de cookies configurando su navegador de Internet.\u00a0Tambi\u00e9n puede eliminar las cookies que ya se han guardado en cualquier momento.\u00a0Sin embargo, los pasos y medidas necesarios para esto dependen de su navegador de Internet espec\u00edfico.\u00a0Si tiene alguna pregunta, utilice la funci\u00f3n de ayuda o la documentaci\u00f3n de su navegador de Internet o p\u00f3ngase en contacto con su fabricante o soporte.\u00a0Sin embargo, con las llamadas cookies flash, el procesamiento no se puede evitar a trav\u00e9s de la configuraci\u00f3n del navegador.\u00a0En cambio, debe cambiar la configuraci\u00f3n de su reproductor flash.\u00a0Los pasos y medidas necesarios para esto tambi\u00e9n dependen del reproductor Flash que est\u00e9 utilizando.\u00a0Si tiene alguna pregunta, utilice la funci\u00f3n de ayuda o la documentaci\u00f3n de su reproductor flash o p\u00f3ngase en contacto con el fabricante o con el servicio de asistencia al usuario.<br>Si evita o restringe la instalaci\u00f3n de cookies, esto puede llevar al hecho de que no todas las funciones de nuestro sitio web pueden utilizarse en toda su extensi\u00f3n.<\/p>\n\n\n\n<h3>Consultas de contacto \/ opciones de contacto<\/h3>\n\n\n\n<p>Si nos contacta mediante el formulario de contacto o correo electr\u00f3nico, los datos que proporcione se utilizar\u00e1n para procesar su solicitud.\u00a0La especificaci\u00f3n de los datos es necesaria para procesar y responder su solicitud; sin proporcionarla, no podemos responder a su solicitud o, en el mejor de los casos, solo de manera limitada.<br>La base legal para este procesamiento es el Art. 6 P\u00e1rrafo 1 lit.\u00a0b) RGPD.<br>Sus datos se eliminar\u00e1n si su consulta ha sido respondida al final y no hay requisitos legales de retenci\u00f3n, como en el caso de una posterior ejecuci\u00f3n del contrato.<\/p>\n\n\n\n<h3> Jetpack &#8211; Estad\u00edsticas de WordPress<\/h3>\n\n\n\n<p>En nuestro sitio web utilizamos Jetpack con la extensi\u00f3n &#8220;Estad\u00edsticas de WordPress&#8221;.\u00a0Este es un servicio de an\u00e1lisis web de Automattic Inc., 132 Hawthorne Street, San Francisco, CA 94107, EE. UU., En lo sucesivo denominado &#8220;Autom\u00e1tico&#8221;.<br>Mediante certificaci\u00f3n seg\u00fan el Escudo de privacidad UE-EE. UU.<br><a href=\"https:\/\/www.privacyshield.gov\/participant?id=a2zt0000000CbqcAAC&amp;status=Active\" target=\"_blank\" rel=\"noreferrer noopener\" aria-label=\" (opens in a new tab)\">https:\/\/www.privacyshield.gov\/participant?id=a2zt0000000CbqcAAC&amp;status=Active<\/a><br>Automattic garantiza que los requisitos de protecci\u00f3n de datos de la UE tambi\u00e9n se cumplir\u00e1n al procesar datos en los EE. UU.<br>El servicio Jetpack &#8211; WordPress Stats se utiliza para analizar el comportamiento de uso de nuestro sitio web.\u00a0La base legal es el Art. 6 P\u00e1rrafo 1 lit.\u00a0f) RGPD.\u00a0Nuestro inter\u00e9s leg\u00edtimo reside en el an\u00e1lisis, la optimizaci\u00f3n y el funcionamiento econ\u00f3mico de nuestro sitio web.<br>Para analizar el comportamiento de uso, Jetpack &#8211; WordPress Stats almacena cookies en su dispositivo a trav\u00e9s de su navegador de Internet.<br>Durante el procesamiento, su direcci\u00f3n IP, los sitios web de nuestro sitio web que visita, el sitio web desde el que cambi\u00f3 a nuestro sitio web (URL de referencia), su tiempo en nuestro sitio web y la frecuencia de acceso a uno de los nuestros Sitios web\u00a0Los datos recopilados se almacenan en un servidor autom\u00e1tico en los Estados Unidos.\u00a0Sin embargo, su direcci\u00f3n IP se anonimiza inmediatamente despu\u00e9s del procesamiento y antes de que se guarde.<br>Si no acepta este procesamiento, tiene la opci\u00f3n de evitar el almacenamiento de cookies mediante una configuraci\u00f3n en su navegador de Internet.\u00a0Puede encontrar m\u00e1s informaci\u00f3n sobre esto en &#8220;Cookies&#8221; arriba.<\/p>\n\n\n\n<h3>Google AdSense<\/h3>\n\n\n\n<p>En nuestro sitio web utilizamos Google AdSense para integrar anuncios.\u00a0Es un servicio de Google Ireland Limited, Gordon House, Barrow Street, Dubl\u00edn 4, Irlanda, en lo sucesivo denominado &#8220;Google&#8221;.<br>Mediante certificaci\u00f3n seg\u00fan el Escudo de privacidad UE-EE. UU.<br><a href=\"https:\/\/www.privacyshield.gov\/participant?id=a2zt000000001L5AAI&amp;status=Active\" target=\"_blank\" rel=\"noreferrer noopener\" aria-label=\" (opens in a new tab)\">https:\/\/www.privacyshield.gov\/participant?id=a2zt000000001L5AAI&amp;status=Active<\/a><br>Google garantiza que las normas de protecci\u00f3n de datos de la UE tambi\u00e9n se cumplir\u00e1n cuando se procesen datos en los EE. UU.<br>Google AdSense almacena cookies y las llamadas balizas web en su dispositivo a trav\u00e9s de su navegador de Internet.\u00a0Esto le permite a Google analizar su uso de nuestro sitio web.\u00a0La informaci\u00f3n registrada de esta manera se transmite a Google en los EE. UU., Adem\u00e1s de su direcci\u00f3n IP y los formatos de publicidad que se le muestran, y se almacena all\u00ed.\u00a0Google tambi\u00e9n puede pasar esta informaci\u00f3n a socios contractuales.\u00a0Sin embargo, Google declara que su direcci\u00f3n IP no se fusionar\u00e1 con otros datos suyos.<br>La base legal es el Art. 6 P\u00e1rrafo 1 lit.\u00a0f) RGPD.\u00a0Nuestro inter\u00e9s leg\u00edtimo reside en el an\u00e1lisis, la optimizaci\u00f3n y el funcionamiento econ\u00f3mico de nuestro sitio web.<br>Si no acepta este procesamiento, tiene la opci\u00f3n de evitar la instalaci\u00f3n de cookies mediante la configuraci\u00f3n adecuada en su navegador de Internet.\u00a0Puede encontrar detalles sobre esto en el punto &#8220;Cookies&#8221;.<br>Google tambi\u00e9n ofrece en<br> <a href=\"https:\/\/policies.google.com\/privacy\" target=\"_blank\" rel=\"noreferrer noopener\" aria-label=\" (opens in a new tab)\">https:\/\/policies.google.com\/privacy<\/a><br> <a href=\"https:\/\/adssettings.google.com\/authenticated\" target=\"_blank\" rel=\"noreferrer noopener\" aria-label=\" (opens in a new tab)\">https:\/\/adssettings.google.com\/authenticated<\/a><br> M\u00e1s informaci\u00f3n, en particular sobre las opciones para evitar el uso de datos.<br> <a href=\"https:\/\/www.ratgeberrecht.eu\/leistungen\/muster-datenschutzerklaerung.html\" target=\"_blank\" rel=\"noreferrer noopener\" aria-label=\"Modelo de declaraci\u00f3n de protecci\u00f3n de datos (opens in a new tab)\">Modelo de declaraci\u00f3n de protecci\u00f3n de datos<\/a> de\u00a0la\u00a0<a href=\"https:\/\/www.ratgeberrecht.eu\/datenschutz\/datenschutzerklaerung-generator-dsgvo.html\" target=\"_blank\" rel=\"noreferrer noopener\" aria-label=\"firma de abogados Wei\u00df &amp; Partner (opens in a new tab)\">firma de abogados Wei\u00df &amp; Partner<\/a>\u00a0\u00a0<\/p>\n","protected":false},"excerpt":{"rendered":"<p>Los datos personales (en adelante, en su mayor\u00eda denominados &#8220;datos&#8221;) los procesamos solo en la medida necesaria y con el fin de proporcionar un sitio web funcional y f\u00e1cil de usar, incluido su contenido y los servicios ofrecidos all\u00ed. De acuerdo con el Art. 4 N\u00famero 1 del Reglamento (UE) 2016\/679, es decir, el Reglamento [&hellip;]<\/p>\n","protected":false},"author":1,"featured_media":0,"parent":0,"menu_order":0,"comment_status":"closed","ping_status":"open","template":"","meta":[],"translation":{"provider":"WPGlobus","version":"2.6.2","language":"es","enabled_languages":["en","de","es"],"languages":{"en":{"title":true,"content":true,"excerpt":false},"de":{"title":true,"content":true,"excerpt":false},"es":{"title":true,"content":true,"excerpt":false}}},"_links":{"self":[{"href":"https:\/\/mentalenergygames.com\/es\/wp-json\/wp\/v2\/pages\/3"}],"collection":[{"href":"https:\/\/mentalenergygames.com\/es\/wp-json\/wp\/v2\/pages"}],"about":[{"href":"https:\/\/mentalenergygames.com\/es\/wp-json\/wp\/v2\/types\/page"}],"author":[{"embeddable":true,"href":"https:\/\/mentalenergygames.com\/es\/wp-json\/wp\/v2\/users\/1"}],"replies":[{"embeddable":true,"href":"https:\/\/mentalenergygames.com\/es\/wp-json\/wp\/v2\/comments?post=3"}],"version-history":[{"count":14,"href":"https:\/\/mentalenergygames.com\/es\/wp-json\/wp\/v2\/pages\/3\/revisions"}],"predecessor-version":[{"id":111,"href":"https:\/\/mentalenergygames.com\/es\/wp-json\/wp\/v2\/pages\/3\/revisions\/111"}],"wp:attachment":[{"href":"https:\/\/mentalenergygames.com\/es\/wp-json\/wp\/v2\/media?parent=3"}],"curies":[{"name":"wp","href":"https:\/\/api.w.org\/{rel}","templated":true}]}}