{"id":41,"date":"2019-12-23T20:27:19","date_gmt":"2019-12-23T20:27:19","guid":{"rendered":"http:\/\/mentalenergygames.com\/?page_id=41"},"modified":"2020-01-24T16:40:10","modified_gmt":"2020-01-24T16:40:10","slug":"data-privacy-mesudoku-app","status":"publish","type":"page","link":"https:\/\/mentalenergygames.com\/es\/products\/mesudoku\/data-privacy-mesudoku-app","title":{"rendered":"Pol\u00edtica de privacidad"},"content":{"rendered":"\n<p> EAR Concept UG &#038; Co. KG construy\u00f3 la aplicaci\u00f3n meSudoku como una aplicaci\u00f3n con soporte de anuncios. Este SERVICIO es proporcionado por EAR Concept UG &#038; Co. KG sin coste alguno y est\u00e1 destinado a ser utilizado tal cual.<\/p>\n\n\n\n<p>Esta p\u00e1gina se utiliza para informar a los visitantes sobre nuestras pol\u00edticas de recopilaci\u00f3n, uso y divulgaci\u00f3n de informaci\u00f3n personal en caso de que alguien decida utilizar nuestro servicio.<\/p>\n\n\n\n<p>Si decide utilizar nuestro Servicio, entonces est\u00e1 de acuerdo con la recopilaci\u00f3n y el uso de la informaci\u00f3n en relaci\u00f3n con esta pol\u00edtica. La informaci\u00f3n personal que recogemos se utiliza para proporcionar y mejorar el Servicio. No utilizaremos ni compartiremos su informaci\u00f3n con nadie excepto en los casos descritos en esta Pol\u00edtica de Privacidad.<\/p>\n\n\n\n<p>Los t\u00e9rminos utilizados en esta Pol\u00edtica de Privacidad tienen los mismos significados que en nuestros T\u00e9rminos y Condiciones, los cuales son accesibles en meSudoku a menos que se definan de otra manera en esta Pol\u00edtica de Privacidad.<\/p>\n\n\n\n<p><strong>Recopilaci\u00f3n y uso de la informaci\u00f3n<\/strong><\/p>\n\n\n\n<p>Para una mejor experiencia, al utilizar nuestro Servicio, podemos requerirle que nos proporcione cierta informaci\u00f3n personal identificable. La informaci\u00f3n que solicitamos ser\u00e1 retenida por nosotros y utilizada como se describe en esta pol\u00edtica de privacidad.<\/p>\n\n\n\n<p>La aplicaci\u00f3n utiliza servicios de terceros que pueden recopilar informaci\u00f3n utilizada para identificarle.<\/p>\n\n\n\n<p>Enlace a la pol\u00edtica de privacidad de los proveedores de servicios de terceros utilizados por la aplicaci\u00f3n<\/p>\n\n\n\n<p>Servicios de Google Play<\/p>\n\n\n\n<ul><li><a href=\"https:\/\/www.google.com\/policies\/privacy\/\" target=\"_blank\" rel=\"noreferrer noopener\" aria-label=\"AdMob (opens in a new tab)\">AdMob<\/a><\/li><li><a href=\"https:\/\/support.google.com\/admob\/answer\/6128543?hl=en\" target=\"_blank\" rel=\"noreferrer noopener\" aria-label=\"Datos de registro (opens in a new tab)\">Datos de registro<\/a><\/li><\/ul>\n\n\n\n<p>Queremos informarle que siempre que usted utiliza nuestro Servicio, en caso de un error en la aplicaci\u00f3n, recogemos datos e informaci\u00f3n (a trav\u00e9s de productos de terceros) en su tel\u00e9fono llamado Log Data. Estos datos de registro pueden incluir informaci\u00f3n como la direcci\u00f3n del Protocolo de Internet (&#8220;IP&#8221;) de su dispositivo, el nombre del dispositivo, la versi\u00f3n del sistema operativo, la configuraci\u00f3n de la aplicaci\u00f3n cuando utiliza nuestro Servicio, la hora y la fecha de su uso del Servicio y otras estad\u00edsticas.<\/p>\n\n\n\n<p><strong>Cookies<\/strong><\/p>\n\n\n\n<p>Las cookies son archivos con una peque\u00f1a cantidad de datos que se utilizan com\u00fanmente como identificadores \u00fanicos an\u00f3nimos. Se env\u00edan a su navegador desde los sitios web que visita y se almacenan en la memoria interna de su dispositivo.<\/p>\n\n\n\n<p>Este Servicio no utiliza estas &#8220;cookies&#8221; expl\u00edcitamente. Sin embargo, la aplicaci\u00f3n puede utilizar c\u00f3digos de terceros y bibliotecas que utilizan &#8220;cookies&#8221; para recopilar informaci\u00f3n y mejorar sus servicios. Usted tiene la opci\u00f3n de aceptar o rechazar estas &#8220;cookies&#8221; y saber cu\u00e1ndo se env\u00eda una &#8220;cookie&#8221; a su dispositivo. Si decide rechazar nuestras cookies, es posible que no pueda utilizar algunas partes de este Servicio.<\/p>\n\n\n\n<p><strong>Proveedores de servicios<\/strong><\/p>\n\n\n\n<p>Podemos emplear a terceras compa\u00f1\u00edas e individuos debido a las siguientes razones:<\/p>\n\n\n\n<p>Para facilitar nuestro servicio;<br>\nPara proporcionar el Servicio en nuestro nombre;<br>\nPara realizar servicios relacionados con el Servicio; o<br>\nPara ayudarnos a analizar c\u00f3mo se utiliza nuestro servicio.<br>\nQueremos informar a los usuarios de este Servicio que estos terceros tienen acceso a su Informaci\u00f3n Personal. El motivo es realizar las tareas que se les asignan en nuestro nombre. Sin embargo, est\u00e1n obligados a no revelar o utilizar la informaci\u00f3n para cualquier otro prop\u00f3sito.<\/p>\n\n\n\n<p><strong>Seguridad<\/strong><\/p>\n\n\n\n<p>Valoramos su confianza al proporcionarnos su informaci\u00f3n personal, por lo que nos esforzamos por utilizar medios comercialmente aceptables para protegerla. Pero recuerde que ning\u00fan m\u00e9todo de transmisi\u00f3n por Internet, o m\u00e9todo de almacenamiento electr\u00f3nico es 100% seguro y fiable, y no podemos garantizar su seguridad absoluta.<\/p>\n\n\n\n<p><strong>Enlaces a otros sitios<\/strong><\/p>\n\n\n\n<p>Este Servicio puede contener enlaces a otros sitios. Si hace clic en un enlace de un tercero, ser\u00e1 dirigido a ese sitio. Tenga en cuenta que estos sitios externos no son operados por nosotros. Por lo tanto, le recomendamos encarecidamente que revise la Pol\u00edtica de Privacidad de estos sitios web. No tenemos ning\u00fan control ni asumimos ninguna responsabilidad por el contenido, las pol\u00edticas de privacidad o las pr\u00e1cticas de los sitios o servicios de terceros.<\/p>\n\n\n\n<p><strong>Privacidad de los ni\u00f1os<\/strong><\/p>\n\n\n\n<p>Estos Servicios no se dirigen a nadie menor de 13 a\u00f1os. No recopilamos a sabiendas informaci\u00f3n personal identificable de ni\u00f1os menores de 13 a\u00f1os. En caso de que descubramos que un ni\u00f1o menor de 13 a\u00f1os nos ha proporcionado informaci\u00f3n personal, la eliminamos inmediatamente de nuestros servidores. Si usted es un padre o tutor y es consciente de que su hijo nos ha proporcionado informaci\u00f3n personal, por favor, p\u00f3ngase en contacto con nosotros para que podamos tomar las medidas necesarias.<\/p>\n\n\n\n<p><strong>Cambios en esta pol\u00edtica de privacidad<\/strong><\/p>\n\n\n\n<p>Podemos actualizar nuestra Pol\u00edtica de Privacidad de vez en cuando. Por lo tanto, se le aconseja que revise esta p\u00e1gina peri\u00f3dicamente para conocer los cambios. Le notificaremos de cualquier cambio publicando la nueva Pol\u00edtica de Privacidad en esta p\u00e1gina. Estos cambios son efectivos inmediatamente despu\u00e9s de ser publicados en esta p\u00e1gina.<\/p>\n\n\n\n<p><strong>Cont\u00e1ctenos<\/strong><\/p>\n\n\n\n<p>Si tiene alguna pregunta o sugerencia sobre nuestra Pol\u00edtica de Privacidad, no dude en contactarnos en mesudoku@mentalenergygames.com.<\/p>\n","protected":false},"excerpt":{"rendered":"<p>EAR Concept UG &#038; Co. KG construy\u00f3 la aplicaci\u00f3n meSudoku como una aplicaci\u00f3n con soporte de anuncios. Este SERVICIO es proporcionado por EAR Concept UG &#038; Co. KG sin coste alguno y est\u00e1 destinado a ser utilizado tal cual. Esta p\u00e1gina se utiliza para informar a los visitantes sobre nuestras pol\u00edticas de recopilaci\u00f3n, uso y [&hellip;]<\/p>\n","protected":false},"author":1,"featured_media":0,"parent":131,"menu_order":0,"comment_status":"closed","ping_status":"closed","template":"","meta":[],"translation":{"provider":"WPGlobus","version":"2.6.2","language":"es","enabled_languages":["en","de","es"],"languages":{"en":{"title":true,"content":true,"excerpt":false},"de":{"title":true,"content":true,"excerpt":false},"es":{"title":true,"content":true,"excerpt":false}}},"_links":{"self":[{"href":"https:\/\/mentalenergygames.com\/es\/wp-json\/wp\/v2\/pages\/41"}],"collection":[{"href":"https:\/\/mentalenergygames.com\/es\/wp-json\/wp\/v2\/pages"}],"about":[{"href":"https:\/\/mentalenergygames.com\/es\/wp-json\/wp\/v2\/types\/page"}],"author":[{"embeddable":true,"href":"https:\/\/mentalenergygames.com\/es\/wp-json\/wp\/v2\/users\/1"}],"replies":[{"embeddable":true,"href":"https:\/\/mentalenergygames.com\/es\/wp-json\/wp\/v2\/comments?post=41"}],"version-history":[{"count":6,"href":"https:\/\/mentalenergygames.com\/es\/wp-json\/wp\/v2\/pages\/41\/revisions"}],"predecessor-version":[{"id":124,"href":"https:\/\/mentalenergygames.com\/es\/wp-json\/wp\/v2\/pages\/41\/revisions\/124"}],"up":[{"embeddable":true,"href":"https:\/\/mentalenergygames.com\/es\/wp-json\/wp\/v2\/pages\/131"}],"wp:attachment":[{"href":"https:\/\/mentalenergygames.com\/es\/wp-json\/wp\/v2\/media?parent=41"}],"curies":[{"name":"wp","href":"https:\/\/api.w.org\/{rel}","templated":true}]}}