{"id":5,"date":"2019-12-21T13:30:36","date_gmt":"2019-12-21T13:30:36","guid":{"rendered":"http:\/\/mentalenergygames.com\/willkommen-auf-http-mentalenergygames-com"},"modified":"2020-10-03T09:22:32","modified_gmt":"2020-10-03T09:22:32","slug":"willkommen-auf-http-mentalenergygames-com-2","status":"publish","type":"page","link":"https:\/\/mentalenergygames.com\/es\/","title":{"rendered":"Bienvenido a Mental Energy Games"},"content":{"rendered":"\n<p>Nuestro objetivo es desarrollar aplicaciones m\u00f3viles que proporcionen ejercicios para aumentar la fuerza mental.<\/p>\n\n\n\n<p>Nuestro primer producto es la aplicaci\u00f3n meSudoku. El juego Sudoku entrena la capacidad de resolver problemas a trav\u00e9s de la l\u00f3gica. Tres niveles de complejidad creciente, un tablero que documenta su \u00e9xito y un nuevo modo de desaf\u00edo divertido est\u00e1n listos para muchos minutos cautivadores.<\/p>\n","protected":false},"excerpt":{"rendered":"<p>Nuestro objetivo es desarrollar aplicaciones m\u00f3viles que proporcionen ejercicios para aumentar la fuerza mental. Nuestro primer producto es la aplicaci\u00f3n meSudoku. El juego Sudoku entrena la capacidad de resolver problemas a trav\u00e9s de la l\u00f3gica. Tres niveles de complejidad creciente, un tablero que documenta su \u00e9xito y un nuevo modo de desaf\u00edo divertido est\u00e1n listos [&hellip;]<\/p>\n","protected":false},"author":1,"featured_media":0,"parent":0,"menu_order":0,"comment_status":"closed","ping_status":"open","template":"","meta":[],"translation":{"provider":"WPGlobus","version":"2.6.2","language":"es","enabled_languages":["en","de","es"],"languages":{"en":{"title":true,"content":true,"excerpt":false},"de":{"title":true,"content":true,"excerpt":false},"es":{"title":true,"content":true,"excerpt":false}}},"_links":{"self":[{"href":"https:\/\/mentalenergygames.com\/es\/wp-json\/wp\/v2\/pages\/5"}],"collection":[{"href":"https:\/\/mentalenergygames.com\/es\/wp-json\/wp\/v2\/pages"}],"about":[{"href":"https:\/\/mentalenergygames.com\/es\/wp-json\/wp\/v2\/types\/page"}],"author":[{"embeddable":true,"href":"https:\/\/mentalenergygames.com\/es\/wp-json\/wp\/v2\/users\/1"}],"replies":[{"embeddable":true,"href":"https:\/\/mentalenergygames.com\/es\/wp-json\/wp\/v2\/comments?post=5"}],"version-history":[{"count":7,"href":"https:\/\/mentalenergygames.com\/es\/wp-json\/wp\/v2\/pages\/5\/revisions"}],"predecessor-version":[{"id":468,"href":"https:\/\/mentalenergygames.com\/es\/wp-json\/wp\/v2\/pages\/5\/revisions\/468"}],"wp:attachment":[{"href":"https:\/\/mentalenergygames.com\/es\/wp-json\/wp\/v2\/media?parent=5"}],"curies":[{"name":"wp","href":"https:\/\/api.w.org\/{rel}","templated":true}]}}