{"id":72,"date":"2019-12-27T11:00:32","date_gmt":"2019-12-27T11:00:32","guid":{"rendered":"http:\/\/mentalenergygames.com\/?page_id=72"},"modified":"2019-12-27T11:00:32","modified_gmt":"2019-12-27T11:00:32","slug":"legal-notice","status":"publish","type":"page","link":"https:\/\/mentalenergygames.com\/es\/legal-notice","title":{"rendered":"Aviso legal"},"content":{"rendered":"\n<p>EAR Concept UG &amp; Co. KG<\/p>\n\n\n\n<p>Teutoburger Str. 42<br>50678 K\u00f6ln<\/p>\n\n\n\n<p>Tel\u00e9fono:+49 221 30140660<br>Correo electr\u00f3nico: info@ear-concept.de<\/p>\n\n\n\n<p>Tribunal de registro: Amtsgericht K\u00f6ln<br>N\u00famero de registro: HRA 31101<br>N\u00famero de identificaci\u00f3n del impuesto sobre las ventas: DE298834524<\/p>\n\n\n\n<h4>Representado por el socio general:<\/h4>\n\n\n\n<p>EAR Concept UG<\/p>\n\n\n\n<h4>Director General<\/h4>\n\n\n\n<p>Ernesto Aparicio-Rodriguez<\/p>\n","protected":false},"excerpt":{"rendered":"<p>EAR Concept UG &amp; Co. KG Teutoburger Str. 4250678 K\u00f6ln Tel\u00e9fono:+49 221 30140660Correo electr\u00f3nico: info@ear-concept.de Tribunal de registro: Amtsgericht K\u00f6lnN\u00famero de registro: HRA 31101N\u00famero de identificaci\u00f3n del impuesto sobre las ventas: DE298834524 Representado por el socio general: EAR Concept UG Director General Ernesto Aparicio-Rodriguez<\/p>\n","protected":false},"author":1,"featured_media":0,"parent":0,"menu_order":0,"comment_status":"closed","ping_status":"closed","template":"","meta":[],"translation":{"provider":"WPGlobus","version":"2.6.2","language":"es","enabled_languages":["en","de","es"],"languages":{"en":{"title":true,"content":true,"excerpt":false},"de":{"title":true,"content":true,"excerpt":false},"es":{"title":true,"content":true,"excerpt":false}}},"_links":{"self":[{"href":"https:\/\/mentalenergygames.com\/es\/wp-json\/wp\/v2\/pages\/72"}],"collection":[{"href":"https:\/\/mentalenergygames.com\/es\/wp-json\/wp\/v2\/pages"}],"about":[{"href":"https:\/\/mentalenergygames.com\/es\/wp-json\/wp\/v2\/types\/page"}],"author":[{"embeddable":true,"href":"https:\/\/mentalenergygames.com\/es\/wp-json\/wp\/v2\/users\/1"}],"replies":[{"embeddable":true,"href":"https:\/\/mentalenergygames.com\/es\/wp-json\/wp\/v2\/comments?post=72"}],"version-history":[{"count":18,"href":"https:\/\/mentalenergygames.com\/es\/wp-json\/wp\/v2\/pages\/72\/revisions"}],"predecessor-version":[{"id":103,"href":"https:\/\/mentalenergygames.com\/es\/wp-json\/wp\/v2\/pages\/72\/revisions\/103"}],"wp:attachment":[{"href":"https:\/\/mentalenergygames.com\/es\/wp-json\/wp\/v2\/media?parent=72"}],"curies":[{"name":"wp","href":"https:\/\/api.w.org\/{rel}","templated":true}]}}